{"id":6173,"date":"2025-01-15T20:38:02","date_gmt":"2025-01-15T17:38:02","guid":{"rendered":"https:\/\/harmonie-event.de\/?post_type=product&#038;p=6173"},"modified":"2025-01-15T20:40:03","modified_gmt":"2025-01-15T17:40:03","slug":"pyramid-saz-string-0-20","status":"publish","type":"product","link":"https:\/\/harmonie-event.de\/?product=pyramid-saz-string-0-20","title":{"rendered":"Pyramid Saz String (0.20)"},"content":{"rendered":"<p><strong><mark class=\"has-inline-color has-black-color\">Pyramid Saz String (0.20) \u2013 Pr\u00e4zision und hervorragender Klang<\/mark><\/strong><br \/>Die <strong>Pyramid Saz String (0.18)<\/strong> ist speziell f\u00fcr Saz-Instrumente konzipiert und garantiert klare T\u00f6ne sowie eine hervorragende Haltbarkeit. Mit ihrer pr\u00e4zisen Verarbeitung und der optimalen St\u00e4rke von 0.18 sorgt sie f\u00fcr einen ausgewogenen, resonanten Klang. Perfekt f\u00fcr Musiker, die Wert auf Qualit\u00e4t und Klangtreue legen.<br \/><mark class=\"has-inline-color has-black-color\"><br \/><strong>Pyramid Saz Teli (0.20) \u2013 Kesinlik ve M\u00fckemmel Ses<\/strong><\/mark><br \/><strong>Pyramid Saz Teli (0.18)<\/strong>, Saz i\u00e7in \u00f6zel olarak tasarlanm\u0131\u015ft\u0131r ve net bir ton ile \u00fcst\u00fcn dayan\u0131kl\u0131l\u0131k sa\u011flar. 0.18 kal\u0131nl\u0131\u011f\u0131ndaki teli, dengeli ve rezonansl\u0131 bir ses sunar. Kalite ve ses sadakati arayan m\u00fczisyenler i\u00e7in m\u00fckemmel bir se\u00e7imdir.<\/p>\n","protected":false},"excerpt":{"rendered":"<p>7 St\u00fcck<\/p>\n","protected":false},"featured_media":6175,"template":"","meta":[],"etheme_brands":[],"product_brand":[],"product_cat":[76],"product_tag":[],"class_list":{"0":"post-6173","1":"product","2":"type-product","3":"status-publish","4":"has-post-thumbnail","6":"product_cat-zubehor","8":"first","9":"instock","10":"taxable","11":"shipping-taxable","12":"purchasable","13":"product-type-simple"},"yoast_head":"<!-- This site is optimized with the Yoast SEO plugin v25.1 - https:\/\/yoast.com\/wordpress\/plugins\/seo\/ -->\n<title>Pyramid Saz String (0.20) - HARMONIE EVENT<\/title>\n<meta name=\"robots\" content=\"index, follow, max-snippet:-1, max-image-preview:large, max-video-preview:-1\" \/>\n<link rel=\"canonical\" href=\"https:\/\/harmonie-event.de\/?product=pyramid-saz-string-0-20\" \/>\n<meta property=\"og:locale\" content=\"de_DE\" \/>\n<meta property=\"og:type\" content=\"article\" \/>\n<meta property=\"og:title\" content=\"Pyramid Saz String (0.20) - HARMONIE EVENT\" \/>\n<meta property=\"og:description\" content=\"7 St\u00fcck\" \/>\n<meta property=\"og:url\" content=\"https:\/\/harmonie-event.de\/?product=pyramid-saz-string-0-20\" \/>\n<meta property=\"og:site_name\" content=\"HARMONIE EVENT\" \/>\n<meta property=\"article:modified_time\" content=\"2025-01-15T17:40:03+00:00\" \/>\n<meta property=\"og:image\" content=\"https:\/\/harmonie-event.de\/wp-content\/uploads\/2025\/01\/PYRAMID-SAZ-TELi-0.20-2555-b-600x600-1.jpg\" \/>\n\t<meta property=\"og:image:width\" content=\"600\" \/>\n\t<meta property=\"og:image:height\" content=\"600\" \/>\n\t<meta property=\"og:image:type\" content=\"image\/jpeg\" \/>\n<meta name=\"twitter:card\" content=\"summary_large_image\" \/>\n<meta name=\"twitter:label1\" content=\"Gesch\u00e4tzte Lesezeit\" \/>\n\t<meta name=\"twitter:data1\" content=\"1\u00a0Minute\" \/>\n<script type=\"application\/ld+json\" class=\"yoast-schema-graph\">{\"@context\":\"https:\/\/schema.org\",\"@graph\":[{\"@type\":\"WebPage\",\"@id\":\"https:\/\/harmonie-event.de\/?product=pyramid-saz-string-0-20\",\"url\":\"https:\/\/harmonie-event.de\/?product=pyramid-saz-string-0-20\",\"name\":\"Pyramid Saz String (0.20) - HARMONIE EVENT\",\"isPartOf\":{\"@id\":\"https:\/\/harmonie-event.de\/#website\"},\"primaryImageOfPage\":{\"@id\":\"https:\/\/harmonie-event.de\/?product=pyramid-saz-string-0-20#primaryimage\"},\"image\":{\"@id\":\"https:\/\/harmonie-event.de\/?product=pyramid-saz-string-0-20#primaryimage\"},\"thumbnailUrl\":\"https:\/\/harmonie-event.de\/wp-content\/uploads\/2025\/01\/PYRAMID-SAZ-TELi-0.20-2555-b-600x600-1.jpg\",\"datePublished\":\"2025-01-15T17:38:02+00:00\",\"dateModified\":\"2025-01-15T17:40:03+00:00\",\"breadcrumb\":{\"@id\":\"https:\/\/harmonie-event.de\/?product=pyramid-saz-string-0-20#breadcrumb\"},\"inLanguage\":\"de\",\"potentialAction\":[{\"@type\":\"ReadAction\",\"target\":[\"https:\/\/harmonie-event.de\/?product=pyramid-saz-string-0-20\"]}]},{\"@type\":\"ImageObject\",\"inLanguage\":\"de\",\"@id\":\"https:\/\/harmonie-event.de\/?product=pyramid-saz-string-0-20#primaryimage\",\"url\":\"https:\/\/harmonie-event.de\/wp-content\/uploads\/2025\/01\/PYRAMID-SAZ-TELi-0.20-2555-b-600x600-1.jpg\",\"contentUrl\":\"https:\/\/harmonie-event.de\/wp-content\/uploads\/2025\/01\/PYRAMID-SAZ-TELi-0.20-2555-b-600x600-1.jpg\",\"width\":600,\"height\":600},{\"@type\":\"BreadcrumbList\",\"@id\":\"https:\/\/harmonie-event.de\/?product=pyramid-saz-string-0-20#breadcrumb\",\"itemListElement\":[{\"@type\":\"ListItem\",\"position\":1,\"name\":\"Startseite\",\"item\":\"https:\/\/harmonie-event.de\/\"},{\"@type\":\"ListItem\",\"position\":2,\"name\":\"Shop\",\"item\":\"https:\/\/harmonie-event.de\/?page_id=2001\"},{\"@type\":\"ListItem\",\"position\":3,\"name\":\"Pyramid Saz String (0.20)\"}]},{\"@type\":\"WebSite\",\"@id\":\"https:\/\/harmonie-event.de\/#website\",\"url\":\"https:\/\/harmonie-event.de\/\",\"name\":\"HARMONIE EVENT\",\"description\":\"Endecke den Rhythmus des Lebens.\",\"potentialAction\":[{\"@type\":\"SearchAction\",\"target\":{\"@type\":\"EntryPoint\",\"urlTemplate\":\"https:\/\/harmonie-event.de\/?s={search_term_string}\"},\"query-input\":{\"@type\":\"PropertyValueSpecification\",\"valueRequired\":true,\"valueName\":\"search_term_string\"}}],\"inLanguage\":\"de\"}]}<\/script>\n<!-- \/ Yoast SEO plugin. -->","yoast_head_json":{"title":"Pyramid Saz String (0.20) - HARMONIE EVENT","robots":{"index":"index","follow":"follow","max-snippet":"max-snippet:-1","max-image-preview":"max-image-preview:large","max-video-preview":"max-video-preview:-1"},"canonical":"https:\/\/harmonie-event.de\/?product=pyramid-saz-string-0-20","og_locale":"de_DE","og_type":"article","og_title":"Pyramid Saz String (0.20) - HARMONIE EVENT","og_description":"7 St\u00fcck","og_url":"https:\/\/harmonie-event.de\/?product=pyramid-saz-string-0-20","og_site_name":"HARMONIE EVENT","article_modified_time":"2025-01-15T17:40:03+00:00","og_image":[{"width":600,"height":600,"url":"https:\/\/harmonie-event.de\/wp-content\/uploads\/2025\/01\/PYRAMID-SAZ-TELi-0.20-2555-b-600x600-1.jpg","type":"image\/jpeg"}],"twitter_card":"summary_large_image","twitter_misc":{"Gesch\u00e4tzte Lesezeit":"1\u00a0Minute"},"schema":{"@context":"https:\/\/schema.org","@graph":[{"@type":"WebPage","@id":"https:\/\/harmonie-event.de\/?product=pyramid-saz-string-0-20","url":"https:\/\/harmonie-event.de\/?product=pyramid-saz-string-0-20","name":"Pyramid Saz String (0.20) - HARMONIE EVENT","isPartOf":{"@id":"https:\/\/harmonie-event.de\/#website"},"primaryImageOfPage":{"@id":"https:\/\/harmonie-event.de\/?product=pyramid-saz-string-0-20#primaryimage"},"image":{"@id":"https:\/\/harmonie-event.de\/?product=pyramid-saz-string-0-20#primaryimage"},"thumbnailUrl":"https:\/\/harmonie-event.de\/wp-content\/uploads\/2025\/01\/PYRAMID-SAZ-TELi-0.20-2555-b-600x600-1.jpg","datePublished":"2025-01-15T17:38:02+00:00","dateModified":"2025-01-15T17:40:03+00:00","breadcrumb":{"@id":"https:\/\/harmonie-event.de\/?product=pyramid-saz-string-0-20#breadcrumb"},"inLanguage":"de","potentialAction":[{"@type":"ReadAction","target":["https:\/\/harmonie-event.de\/?product=pyramid-saz-string-0-20"]}]},{"@type":"ImageObject","inLanguage":"de","@id":"https:\/\/harmonie-event.de\/?product=pyramid-saz-string-0-20#primaryimage","url":"https:\/\/harmonie-event.de\/wp-content\/uploads\/2025\/01\/PYRAMID-SAZ-TELi-0.20-2555-b-600x600-1.jpg","contentUrl":"https:\/\/harmonie-event.de\/wp-content\/uploads\/2025\/01\/PYRAMID-SAZ-TELi-0.20-2555-b-600x600-1.jpg","width":600,"height":600},{"@type":"BreadcrumbList","@id":"https:\/\/harmonie-event.de\/?product=pyramid-saz-string-0-20#breadcrumb","itemListElement":[{"@type":"ListItem","position":1,"name":"Startseite","item":"https:\/\/harmonie-event.de\/"},{"@type":"ListItem","position":2,"name":"Shop","item":"https:\/\/harmonie-event.de\/?page_id=2001"},{"@type":"ListItem","position":3,"name":"Pyramid Saz String (0.20)"}]},{"@type":"WebSite","@id":"https:\/\/harmonie-event.de\/#website","url":"https:\/\/harmonie-event.de\/","name":"HARMONIE EVENT","description":"Endecke den Rhythmus des Lebens.","potentialAction":[{"@type":"SearchAction","target":{"@type":"EntryPoint","urlTemplate":"https:\/\/harmonie-event.de\/?s={search_term_string}"},"query-input":{"@type":"PropertyValueSpecification","valueRequired":true,"valueName":"search_term_string"}}],"inLanguage":"de"}]}},"_links":{"self":[{"href":"https:\/\/harmonie-event.de\/index.php?rest_route=\/wp\/v2\/product\/6173","targetHints":{"allow":["GET"]}}],"collection":[{"href":"https:\/\/harmonie-event.de\/index.php?rest_route=\/wp\/v2\/product"}],"about":[{"href":"https:\/\/harmonie-event.de\/index.php?rest_route=\/wp\/v2\/types\/product"}],"version-history":[{"count":2,"href":"https:\/\/harmonie-event.de\/index.php?rest_route=\/wp\/v2\/product\/6173\/revisions"}],"predecessor-version":[{"id":6177,"href":"https:\/\/harmonie-event.de\/index.php?rest_route=\/wp\/v2\/product\/6173\/revisions\/6177"}],"wp:featuredmedia":[{"embeddable":true,"href":"https:\/\/harmonie-event.de\/index.php?rest_route=\/wp\/v2\/media\/6175"}],"wp:attachment":[{"href":"https:\/\/harmonie-event.de\/index.php?rest_route=%2Fwp%2Fv2%2Fmedia&parent=6173"}],"wp:term":[{"taxonomy":"brand","embeddable":true,"href":"https:\/\/harmonie-event.de\/index.php?rest_route=%2Fwp%2Fv2%2Fetheme_brands&post=6173"},{"taxonomy":"product_brand","embeddable":true,"href":"https:\/\/harmonie-event.de\/index.php?rest_route=%2Fwp%2Fv2%2Fproduct_brand&post=6173"},{"taxonomy":"product_cat","embeddable":true,"href":"https:\/\/harmonie-event.de\/index.php?rest_route=%2Fwp%2Fv2%2Fproduct_cat&post=6173"},{"taxonomy":"product_tag","embeddable":true,"href":"https:\/\/harmonie-event.de\/index.php?rest_route=%2Fwp%2Fv2%2Fproduct_tag&post=6173"}],"curies":[{"name":"wp","href":"https:\/\/api.w.org\/{rel}","templated":true}]}}