{"id":6161,"date":"2025-01-15T20:30:33","date_gmt":"2025-01-15T17:30:33","guid":{"rendered":"https:\/\/harmonie-event.de\/?post_type=product&#038;p=6161"},"modified":"2025-05-01T02:23:56","modified_gmt":"2025-04-30T23:23:56","slug":"mendini-classical-guitar-string","status":"publish","type":"product","link":"https:\/\/harmonie-event.de\/?product=mendini-classical-guitar-string","title":{"rendered":"Mendini Classical Guitar String"},"content":{"rendered":"<p><strong><mark class=\"has-inline-color has-black-color\">Mendini Classical Guitar String \u2013 Hochwertige Saiten f\u00fcr klassischen Klang<\/mark><\/strong><br \/>Die <strong>Mendini Classical Guitar String<\/strong> bieten exzellente Klangqualit\u00e4t und Langlebigkeit. Sie sind aus robustem Nylon gefertigt und bieten eine ausgezeichnete Balance zwischen Spielgef\u00fchl und Klang. Ideal f\u00fcr klassische Gitarren, bieten sie eine klare, warme Tonwiedergabe und sind sowohl f\u00fcr Anf\u00e4nger als auch f\u00fcr fortgeschrittene Musiker geeignet.<\/p>\n<p><strong><mark class=\"has-inline-color has-black-color\">Mendini Klasik Gitarre Tel \u2013 Y\u00fcksek Kaliteli Tel<\/mark><\/strong><br \/><strong>Mendini Klasik Gitarre Tel<\/strong> seti, sa\u011flam naylon malzeme ile \u00fcretilmi\u015f olup, klasik gitar i\u00e7in m\u00fckemmel bir ses ve uzun \u00f6m\u00fcr sunar. Hem yeni ba\u015flayanlar hem de ileri d\u00fczey gitaristler i\u00e7in uygundur, net ve s\u0131cak bir ton sa\u011flar.<\/p>\n","protected":false},"excerpt":{"rendered":"<p>38 cm<\/p>\n","protected":false},"featured_media":6163,"template":"","meta":[],"etheme_brands":[],"product_brand":[],"product_cat":[76],"product_tag":[],"class_list":{"0":"post-6161","1":"product","2":"type-product","3":"status-publish","4":"has-post-thumbnail","6":"product_cat-zubehor","8":"first","9":"instock","10":"taxable","11":"shipping-taxable","12":"purchasable","13":"product-type-simple"},"yoast_head":"<!-- This site is optimized with the Yoast SEO plugin v25.1 - https:\/\/yoast.com\/wordpress\/plugins\/seo\/ -->\n<title>Mendini Classical Guitar String - HARMONIE EVENT<\/title>\n<meta name=\"robots\" content=\"index, follow, max-snippet:-1, max-image-preview:large, max-video-preview:-1\" \/>\n<link rel=\"canonical\" href=\"https:\/\/harmonie-event.de\/?product=mendini-classical-guitar-string\" \/>\n<meta property=\"og:locale\" content=\"de_DE\" \/>\n<meta property=\"og:type\" content=\"article\" \/>\n<meta property=\"og:title\" content=\"Mendini Classical Guitar String - HARMONIE EVENT\" \/>\n<meta property=\"og:description\" content=\"38 cm\" \/>\n<meta property=\"og:url\" content=\"https:\/\/harmonie-event.de\/?product=mendini-classical-guitar-string\" \/>\n<meta property=\"og:site_name\" content=\"HARMONIE EVENT\" \/>\n<meta property=\"article:modified_time\" content=\"2025-04-30T23:23:56+00:00\" \/>\n<meta property=\"og:image\" content=\"https:\/\/harmonie-event.de\/wp-content\/uploads\/2025\/01\/phpr_09MAR21_PRM_2552-b-scaled-1.jpg\" \/>\n\t<meta property=\"og:image:width\" content=\"2560\" \/>\n\t<meta property=\"og:image:height\" content=\"1707\" \/>\n\t<meta property=\"og:image:type\" content=\"image\/jpeg\" \/>\n<meta name=\"twitter:card\" content=\"summary_large_image\" \/>\n<meta name=\"twitter:label1\" content=\"Gesch\u00e4tzte Lesezeit\" \/>\n\t<meta name=\"twitter:data1\" content=\"1\u00a0Minute\" \/>\n<script type=\"application\/ld+json\" class=\"yoast-schema-graph\">{\"@context\":\"https:\/\/schema.org\",\"@graph\":[{\"@type\":\"WebPage\",\"@id\":\"https:\/\/harmonie-event.de\/?product=mendini-classical-guitar-string\",\"url\":\"https:\/\/harmonie-event.de\/?product=mendini-classical-guitar-string\",\"name\":\"Mendini Classical Guitar String - HARMONIE EVENT\",\"isPartOf\":{\"@id\":\"https:\/\/harmonie-event.de\/#website\"},\"primaryImageOfPage\":{\"@id\":\"https:\/\/harmonie-event.de\/?product=mendini-classical-guitar-string#primaryimage\"},\"image\":{\"@id\":\"https:\/\/harmonie-event.de\/?product=mendini-classical-guitar-string#primaryimage\"},\"thumbnailUrl\":\"https:\/\/harmonie-event.de\/wp-content\/uploads\/2025\/01\/phpr_09MAR21_PRM_2552-b-scaled-1.jpg\",\"datePublished\":\"2025-01-15T17:30:33+00:00\",\"dateModified\":\"2025-04-30T23:23:56+00:00\",\"breadcrumb\":{\"@id\":\"https:\/\/harmonie-event.de\/?product=mendini-classical-guitar-string#breadcrumb\"},\"inLanguage\":\"de\",\"potentialAction\":[{\"@type\":\"ReadAction\",\"target\":[\"https:\/\/harmonie-event.de\/?product=mendini-classical-guitar-string\"]}]},{\"@type\":\"ImageObject\",\"inLanguage\":\"de\",\"@id\":\"https:\/\/harmonie-event.de\/?product=mendini-classical-guitar-string#primaryimage\",\"url\":\"https:\/\/harmonie-event.de\/wp-content\/uploads\/2025\/01\/phpr_09MAR21_PRM_2552-b-scaled-1.jpg\",\"contentUrl\":\"https:\/\/harmonie-event.de\/wp-content\/uploads\/2025\/01\/phpr_09MAR21_PRM_2552-b-scaled-1.jpg\",\"width\":2560,\"height\":1707},{\"@type\":\"BreadcrumbList\",\"@id\":\"https:\/\/harmonie-event.de\/?product=mendini-classical-guitar-string#breadcrumb\",\"itemListElement\":[{\"@type\":\"ListItem\",\"position\":1,\"name\":\"Startseite\",\"item\":\"https:\/\/harmonie-event.de\/\"},{\"@type\":\"ListItem\",\"position\":2,\"name\":\"Shop\",\"item\":\"https:\/\/harmonie-event.de\/?page_id=2001\"},{\"@type\":\"ListItem\",\"position\":3,\"name\":\"Mendini Classical Guitar String\"}]},{\"@type\":\"WebSite\",\"@id\":\"https:\/\/harmonie-event.de\/#website\",\"url\":\"https:\/\/harmonie-event.de\/\",\"name\":\"HARMONIE EVENT\",\"description\":\"Endecke den Rhythmus des Lebens.\",\"potentialAction\":[{\"@type\":\"SearchAction\",\"target\":{\"@type\":\"EntryPoint\",\"urlTemplate\":\"https:\/\/harmonie-event.de\/?s={search_term_string}\"},\"query-input\":{\"@type\":\"PropertyValueSpecification\",\"valueRequired\":true,\"valueName\":\"search_term_string\"}}],\"inLanguage\":\"de\"}]}<\/script>\n<!-- \/ Yoast SEO plugin. -->","yoast_head_json":{"title":"Mendini Classical Guitar String - HARMONIE EVENT","robots":{"index":"index","follow":"follow","max-snippet":"max-snippet:-1","max-image-preview":"max-image-preview:large","max-video-preview":"max-video-preview:-1"},"canonical":"https:\/\/harmonie-event.de\/?product=mendini-classical-guitar-string","og_locale":"de_DE","og_type":"article","og_title":"Mendini Classical Guitar String - HARMONIE EVENT","og_description":"38 cm","og_url":"https:\/\/harmonie-event.de\/?product=mendini-classical-guitar-string","og_site_name":"HARMONIE EVENT","article_modified_time":"2025-04-30T23:23:56+00:00","og_image":[{"width":2560,"height":1707,"url":"https:\/\/harmonie-event.de\/wp-content\/uploads\/2025\/01\/phpr_09MAR21_PRM_2552-b-scaled-1.jpg","type":"image\/jpeg"}],"twitter_card":"summary_large_image","twitter_misc":{"Gesch\u00e4tzte Lesezeit":"1\u00a0Minute"},"schema":{"@context":"https:\/\/schema.org","@graph":[{"@type":"WebPage","@id":"https:\/\/harmonie-event.de\/?product=mendini-classical-guitar-string","url":"https:\/\/harmonie-event.de\/?product=mendini-classical-guitar-string","name":"Mendini Classical Guitar String - HARMONIE EVENT","isPartOf":{"@id":"https:\/\/harmonie-event.de\/#website"},"primaryImageOfPage":{"@id":"https:\/\/harmonie-event.de\/?product=mendini-classical-guitar-string#primaryimage"},"image":{"@id":"https:\/\/harmonie-event.de\/?product=mendini-classical-guitar-string#primaryimage"},"thumbnailUrl":"https:\/\/harmonie-event.de\/wp-content\/uploads\/2025\/01\/phpr_09MAR21_PRM_2552-b-scaled-1.jpg","datePublished":"2025-01-15T17:30:33+00:00","dateModified":"2025-04-30T23:23:56+00:00","breadcrumb":{"@id":"https:\/\/harmonie-event.de\/?product=mendini-classical-guitar-string#breadcrumb"},"inLanguage":"de","potentialAction":[{"@type":"ReadAction","target":["https:\/\/harmonie-event.de\/?product=mendini-classical-guitar-string"]}]},{"@type":"ImageObject","inLanguage":"de","@id":"https:\/\/harmonie-event.de\/?product=mendini-classical-guitar-string#primaryimage","url":"https:\/\/harmonie-event.de\/wp-content\/uploads\/2025\/01\/phpr_09MAR21_PRM_2552-b-scaled-1.jpg","contentUrl":"https:\/\/harmonie-event.de\/wp-content\/uploads\/2025\/01\/phpr_09MAR21_PRM_2552-b-scaled-1.jpg","width":2560,"height":1707},{"@type":"BreadcrumbList","@id":"https:\/\/harmonie-event.de\/?product=mendini-classical-guitar-string#breadcrumb","itemListElement":[{"@type":"ListItem","position":1,"name":"Startseite","item":"https:\/\/harmonie-event.de\/"},{"@type":"ListItem","position":2,"name":"Shop","item":"https:\/\/harmonie-event.de\/?page_id=2001"},{"@type":"ListItem","position":3,"name":"Mendini Classical Guitar String"}]},{"@type":"WebSite","@id":"https:\/\/harmonie-event.de\/#website","url":"https:\/\/harmonie-event.de\/","name":"HARMONIE EVENT","description":"Endecke den Rhythmus des Lebens.","potentialAction":[{"@type":"SearchAction","target":{"@type":"EntryPoint","urlTemplate":"https:\/\/harmonie-event.de\/?s={search_term_string}"},"query-input":{"@type":"PropertyValueSpecification","valueRequired":true,"valueName":"search_term_string"}}],"inLanguage":"de"}]}},"_links":{"self":[{"href":"https:\/\/harmonie-event.de\/index.php?rest_route=\/wp\/v2\/product\/6161","targetHints":{"allow":["GET"]}}],"collection":[{"href":"https:\/\/harmonie-event.de\/index.php?rest_route=\/wp\/v2\/product"}],"about":[{"href":"https:\/\/harmonie-event.de\/index.php?rest_route=\/wp\/v2\/types\/product"}],"version-history":[{"count":2,"href":"https:\/\/harmonie-event.de\/index.php?rest_route=\/wp\/v2\/product\/6161\/revisions"}],"predecessor-version":[{"id":6164,"href":"https:\/\/harmonie-event.de\/index.php?rest_route=\/wp\/v2\/product\/6161\/revisions\/6164"}],"wp:featuredmedia":[{"embeddable":true,"href":"https:\/\/harmonie-event.de\/index.php?rest_route=\/wp\/v2\/media\/6163"}],"wp:attachment":[{"href":"https:\/\/harmonie-event.de\/index.php?rest_route=%2Fwp%2Fv2%2Fmedia&parent=6161"}],"wp:term":[{"taxonomy":"brand","embeddable":true,"href":"https:\/\/harmonie-event.de\/index.php?rest_route=%2Fwp%2Fv2%2Fetheme_brands&post=6161"},{"taxonomy":"product_brand","embeddable":true,"href":"https:\/\/harmonie-event.de\/index.php?rest_route=%2Fwp%2Fv2%2Fproduct_brand&post=6161"},{"taxonomy":"product_cat","embeddable":true,"href":"https:\/\/harmonie-event.de\/index.php?rest_route=%2Fwp%2Fv2%2Fproduct_cat&post=6161"},{"taxonomy":"product_tag","embeddable":true,"href":"https:\/\/harmonie-event.de\/index.php?rest_route=%2Fwp%2Fv2%2Fproduct_tag&post=6161"}],"curies":[{"name":"wp","href":"https:\/\/api.w.org\/{rel}","templated":true}]}}