{"id":4929,"date":"2018-10-01T09:41:29","date_gmt":"2018-10-01T09:41:29","guid":{"rendered":"https:\/\/xstore.8theme.com\/demos\/2\/electron01\/?page_id=4929"},"modified":"2025-05-02T00:02:05","modified_gmt":"2025-05-01T21:02:05","slug":"contact-us","status":"publish","type":"page","link":"https:\/\/harmonie-event.de\/?page_id=4929","title":{"rendered":"Kontakt"},"content":{"rendered":"\t\t<div data-elementor-type=\"wp-page\" data-elementor-id=\"4929\" class=\"elementor elementor-4929\" data-elementor-post-type=\"page\">\n\t\t\t\t<div class=\"elementor-element elementor-element-ba73d41 e-con-full e-flex e-con e-parent\" data-id=\"ba73d41\" data-element_type=\"container\">\n\t\t\t\t<div class=\"elementor-element elementor-element-b8beed4 elementor-headline--style-highlight elementor-widget elementor-widget-animated-headline\" data-id=\"b8beed4\" data-element_type=\"widget\" data-settings=\"{&quot;highlighted_text&quot;:&quot;Kontakt mit uns auf&quot;,&quot;headline_style&quot;:&quot;highlight&quot;,&quot;marker&quot;:&quot;circle&quot;,&quot;loop&quot;:&quot;yes&quot;,&quot;highlight_animation_duration&quot;:1200,&quot;highlight_iteration_delay&quot;:8000}\" data-widget_type=\"animated-headline.default\">\n\t\t\t\t<div class=\"elementor-widget-container\">\n\t\t\t\t\t\t\t<h4 class=\"elementor-headline\">\n\t\t\t\t\t<span class=\"elementor-headline-plain-text elementor-headline-text-wrapper\">Nehmen Sie <\/span>\n\t\t\t\t<span class=\"elementor-headline-dynamic-wrapper elementor-headline-text-wrapper\">\n\t\t\t\t\t<span class=\"elementor-headline-dynamic-text elementor-headline-text-active\">Kontakt mit uns auf<\/span>\n\t\t\t\t<\/span>\n\t\t\t\t<\/h4>\n\t\t\t\t\t\t<\/div>\n\t\t\t\t<\/div>\n\t\t\t\t<div class=\"elementor-element elementor-element-3929a9a elementor-align-center elementor-widget elementor-widget-etheme_advanced_headline\" data-id=\"3929a9a\" data-element_type=\"widget\" data-widget_type=\"etheme_advanced_headline.default\">\n\t\t\t\t<div class=\"elementor-widget-container\">\n\t\t\t\t\t        \r\n        <div class=\"etheme-a-h-wrapper\">\r\n        \r\n                            <span class=\"etheme-a-h-text-before\">\r\n                    Harmonie Musik                <\/span>\r\n            \r\n        <h2 class=\"etheme-advanced-headline etheme-advanced-headline-mask\">\r\n\r\n            \r\n        <\/h2>\r\n\t\t\r\n                                    <div class=\"etheme-a-h-icon-wrapper\">\r\n\t\t\t                                        <\/div>\r\n\t                                <p class=\"etheme-a-h-text-after\">\r\n                    Sie interessieren sich f\u00fcr ein Musikinstrument, m\u00f6chten Musikunterricht buchen oder planen ein musikalisches Event? <br>Dann sind Sie bei uns genau richtig. Schreiben Sie uns \u00fcber das Kontaktformular oder rufen Sie uns an \u2013 \n\n<br>unser Team ber\u00e4t Sie gerne pers\u00f6nlich, kompetent und mit viel Leidenschaft f\u00fcr Musik. Ob Einsteiger, Profi oder Veranstalter \u2013 wir sind f\u00fcr Sie da!                <\/p>\r\n                    \r\n        <\/div>\r\n        \r\n\t\t\t\t\t\t<\/div>\n\t\t\t\t<\/div>\n\t\t\t\t<\/div>\n\t\t<div class=\"elementor-element elementor-element-771faa7 e-flex e-con-boxed e-con e-parent\" data-id=\"771faa7\" data-element_type=\"container\">\n\t\t\t\t\t<div class=\"e-con-inner\">\n\t\t<div class=\"elementor-element elementor-element-97bd328 e-con-full e-flex e-con e-child\" data-id=\"97bd328\" data-element_type=\"container\">\n\t\t\t\t<div class=\"elementor-element elementor-element-c7b1021 elementor-widget elementor-widget-etheme_content_switcher\" data-id=\"c7b1021\" data-element_type=\"widget\" data-widget_type=\"etheme_content_switcher.default\">\n\t\t\t\t<div class=\"elementor-widget-container\">\n\t\t\t\t\t        <div class=\"etheme-cs-wrapper\">\r\n            <div class=\"etheme-cs-toggles\">\r\n\r\n                                    <div class=\"etheme-cs-switch\" data-side=\"a\">\r\n                                                <span>On<\/span>\r\n                    <\/div>\r\n                    <label class=\"etheme-input-label\">\r\n                        <input class=\"etheme-cs-toggle-switch\" type=\"checkbox\"  checked>\r\n                        <span class=\"etheme-cs-slider etheme-cs-round\"><\/span>\r\n                    <\/label>\r\n                    <div class=\"etheme-cs-switch active\" data-side=\"b\">\r\n                                                <span>Off<\/span>\r\n                    <\/div>\r\n                            <\/div>\r\n                                    <div class=\"etheme-cs-content\" data-side=\"a\" style=\"display: none;\">\r\n                    <p><strong><a tabindex=\"0\" href=\"https:\/\/www.google.de\/maps\/place\/\/data=!4m2!3m1!1s0x4797cd352793f647:0xa3708607c2fc291b?sa=X&amp;ved=1t:8290&amp;hl=de&amp;ictx=111\" data-url=\"\/maps\/place\/\/data=!4m2!3m1!1s0x4797cd352793f647:0xa3708607c2fc291b?sa=X&amp;ved=2ahUKEwiJ4JXZ4oKNAxVr2gIHHaaqJs0Q4kB6BAgHEAA&amp;hl=de\">Hafenstra\u00dfe 49, 68159 Mannheim<\/a><\/strong><\/p>                    <\/div>\r\n                                        <div class=\"etheme-cs-content active\" data-side=\"b\">\r\n                    <p><strong>Adress<\/strong><\/p>                    <\/div>\r\n                            <\/div>\r\n        \r\n\t\t\t\t\t\t<\/div>\n\t\t\t\t<\/div>\n\t\t\t\t<\/div>\n\t\t<div class=\"elementor-element elementor-element-c773244 e-con-full e-flex e-con e-child\" data-id=\"c773244\" data-element_type=\"container\">\n\t\t\t\t<div class=\"elementor-element elementor-element-852eb71 elementor-widget elementor-widget-etheme_content_switcher\" data-id=\"852eb71\" data-element_type=\"widget\" data-widget_type=\"etheme_content_switcher.default\">\n\t\t\t\t<div class=\"elementor-widget-container\">\n\t\t\t\t\t        <div class=\"etheme-cs-wrapper\">\r\n            <div class=\"etheme-cs-toggles\">\r\n\r\n                                    <div class=\"etheme-cs-switch\" data-side=\"a\">\r\n                                                <span>On<\/span>\r\n                    <\/div>\r\n                    <label class=\"etheme-input-label\">\r\n                        <input class=\"etheme-cs-toggle-switch\" type=\"checkbox\"  checked>\r\n                        <span class=\"etheme-cs-slider etheme-cs-round\"><\/span>\r\n                    <\/label>\r\n                    <div class=\"etheme-cs-switch active\" data-side=\"b\">\r\n                                                <span>Off<\/span>\r\n                    <\/div>\r\n                            <\/div>\r\n                                    <div class=\"etheme-cs-content\" data-side=\"a\" style=\"display: none;\">\r\n                    <p style=\"text-align: center;\"><strong><span aria-label=\"0176 31492476 anrufen\"><a href=\"tel:+4917631492476\">0176 31492476<\/a><br \/><\/span><\/strong><\/p>                    <\/div>\r\n                                        <div class=\"etheme-cs-content active\" data-side=\"b\">\r\n                    <p><strong>Telefon<\/strong><\/p>                    <\/div>\r\n                            <\/div>\r\n        \r\n\t\t\t\t\t\t<\/div>\n\t\t\t\t<\/div>\n\t\t\t\t<\/div>\n\t\t<div class=\"elementor-element elementor-element-2a41e8f e-con-full e-flex e-con e-child\" data-id=\"2a41e8f\" data-element_type=\"container\">\n\t\t\t\t<div class=\"elementor-element elementor-element-7605494 elementor-widget elementor-widget-etheme_content_switcher\" data-id=\"7605494\" data-element_type=\"widget\" data-widget_type=\"etheme_content_switcher.default\">\n\t\t\t\t<div class=\"elementor-widget-container\">\n\t\t\t\t\t        <div class=\"etheme-cs-wrapper\">\r\n            <div class=\"etheme-cs-toggles\">\r\n\r\n                                    <div class=\"etheme-cs-switch\" data-side=\"a\">\r\n                                                <span>On<\/span>\r\n                    <\/div>\r\n                    <label class=\"etheme-input-label\">\r\n                        <input class=\"etheme-cs-toggle-switch\" type=\"checkbox\"  checked>\r\n                        <span class=\"etheme-cs-slider etheme-cs-round\"><\/span>\r\n                    <\/label>\r\n                    <div class=\"etheme-cs-switch active\" data-side=\"b\">\r\n                                                <span>Off<\/span>\r\n                    <\/div>\r\n                            <\/div>\r\n                                    <div class=\"etheme-cs-content\" data-side=\"a\" style=\"display: none;\">\r\n                    <p style=\"text-align: center;\"><strong><span aria-label=\"0176 31492476 anrufen\"><a href=\"mailto:info@harmonie-musik.de\">info@harmonie-musik.de<\/a><\/span><\/strong><\/p>                    <\/div>\r\n                                        <div class=\"etheme-cs-content active\" data-side=\"b\">\r\n                    <p><strong>E-Mail<\/strong><\/p>                    <\/div>\r\n                            <\/div>\r\n        \r\n\t\t\t\t\t\t<\/div>\n\t\t\t\t<\/div>\n\t\t\t\t<\/div>\n\t\t<div class=\"elementor-element elementor-element-0e5817c e-con-full e-flex e-con e-child\" data-id=\"0e5817c\" data-element_type=\"container\">\n\t\t\t\t<div class=\"elementor-element elementor-element-829ac65 elementor-widget elementor-widget-etheme_content_switcher\" data-id=\"829ac65\" data-element_type=\"widget\" data-widget_type=\"etheme_content_switcher.default\">\n\t\t\t\t<div class=\"elementor-widget-container\">\n\t\t\t\t\t        <div class=\"etheme-cs-wrapper\">\r\n            <div class=\"etheme-cs-toggles\">\r\n\r\n                                    <div class=\"etheme-cs-switch\" data-side=\"a\">\r\n                                                <span>On<\/span>\r\n                    <\/div>\r\n                    <label class=\"etheme-input-label\">\r\n                        <input class=\"etheme-cs-toggle-switch\" type=\"checkbox\"  checked>\r\n                        <span class=\"etheme-cs-slider etheme-cs-round\"><\/span>\r\n                    <\/label>\r\n                    <div class=\"etheme-cs-switch active\" data-side=\"b\">\r\n                                                <span>Off<\/span>\r\n                    <\/div>\r\n                            <\/div>\r\n                                    <div class=\"etheme-cs-content\" data-side=\"a\" style=\"display: none;\">\r\n                    <p><strong>Mo. - Sa.: 11:00 bis 19:00 Uhr<\/strong><\/p>                    <\/div>\r\n                                        <div class=\"etheme-cs-content active\" data-side=\"b\">\r\n                    <p><b>\u00d6ffnungszeiten<\/b><\/p>                    <\/div>\r\n                            <\/div>\r\n        \r\n\t\t\t\t\t\t<\/div>\n\t\t\t\t<\/div>\n\t\t\t\t<\/div>\n\t\t\t\t\t<\/div>\n\t\t\t\t<\/div>\n\t\t<div class=\"elementor-element elementor-element-20d9aac e-flex e-con-boxed e-con e-parent\" data-id=\"20d9aac\" data-element_type=\"container\">\n\t\t\t\t\t<div class=\"e-con-inner\">\n\t\t\t\t<div class=\"elementor-element elementor-element-186ac23 elementor-headline--style-highlight elementor-widget elementor-widget-animated-headline\" data-id=\"186ac23\" data-element_type=\"widget\" data-settings=\"{&quot;highlighted_text&quot;:&quot;Formular&quot;,&quot;headline_style&quot;:&quot;highlight&quot;,&quot;marker&quot;:&quot;circle&quot;,&quot;loop&quot;:&quot;yes&quot;,&quot;highlight_animation_duration&quot;:1200,&quot;highlight_iteration_delay&quot;:8000}\" data-widget_type=\"animated-headline.default\">\n\t\t\t\t<div class=\"elementor-widget-container\">\n\t\t\t\t\t\t\t<h4 class=\"elementor-headline\">\n\t\t\t\t\t<span class=\"elementor-headline-plain-text elementor-headline-text-wrapper\">Kontakt<\/span>\n\t\t\t\t<span class=\"elementor-headline-dynamic-wrapper elementor-headline-text-wrapper\">\n\t\t\t\t\t<span class=\"elementor-headline-dynamic-text elementor-headline-text-active\">Formular<\/span>\n\t\t\t\t<\/span>\n\t\t\t\t<\/h4>\n\t\t\t\t\t\t<\/div>\n\t\t\t\t<\/div>\n\t\t\t\t\t<\/div>\n\t\t\t\t<\/div>\n\t\t<div class=\"elementor-element elementor-element-984bcb4 e-flex e-con-boxed e-con e-parent\" data-id=\"984bcb4\" data-element_type=\"container\">\n\t\t\t\t\t<div class=\"e-con-inner\">\n\t\t\t\t<div class=\"elementor-element elementor-element-f09d6bc elementor-align-left elementor-widget elementor-widget-etheme_advanced_headline\" data-id=\"f09d6bc\" data-element_type=\"widget\" data-widget_type=\"etheme_advanced_headline.default\">\n\t\t\t\t<div class=\"elementor-widget-container\">\n\t\t\t\t\t        \r\n        <div class=\"etheme-a-h-wrapper\">\r\n        \r\n                            <span class=\"etheme-a-h-text-before\">\r\n                    Haben Sie eine Frage oder ben\u00f6tigen Sie weitere Informationen zu unseren Angeboten?                <\/span>\r\n            \r\n        <h2 class=\"etheme-advanced-headline etheme-advanced-headline-mask\">\r\n\r\n            \r\n        <\/h2>\r\n\t\t\r\n                                    <div class=\"etheme-a-h-icon-wrapper\">\r\n\t\t\t                                        <\/div>\r\n\t                                <p class=\"etheme-a-h-text-after\">\r\n                     F\u00fcllen Sie einfach das Formular aus \u2013 wir melden uns schnellstm\u00f6glich bei Ihnen zur\u00fcck.\n\nBitte geben Sie Ihre Kontaktdaten sowie Ihr Anliegen an. <br>Je genauer Ihre Angaben sind, desto besser k\u00f6nnen wir auf Ihre Anfrage eingehen.\n\nOptional \u2013 Erg\u00e4nzung f\u00fcr Vertrauen &#038; Service:\n<br>Selbstverst\u00e4ndlich behandeln wir Ihre Daten vertraulich und verwenden sie ausschlie\u00dflich zur Bearbeitung Ihrer Anfrage.                <\/p>\r\n                    \r\n        <\/div>\r\n        \r\n\t\t\t\t\t\t<\/div>\n\t\t\t\t<\/div>\n\t\t\t\t\t<\/div>\n\t\t\t\t<\/div>\n\t\t<div class=\"elementor-element elementor-element-58285c4 e-flex e-con-boxed e-con e-parent\" data-id=\"58285c4\" data-element_type=\"container\">\n\t\t\t\t\t<div class=\"e-con-inner\">\n\t\t\t\t<div class=\"elementor-element elementor-element-435e25d etheme-contact-form-7-button-custom elementor-widget elementor-widget-et-contact-form-7\" data-id=\"435e25d\" data-element_type=\"widget\" data-widget_type=\"et-contact-form-7.default\">\n\t\t\t\t<div class=\"elementor-widget-container\">\n\t\t\t\t\t                <div class=\"pp-contact-form etheme-contact-form-7 placeholder-show\">\r\n                                        \n<div class=\"wpcf7 no-js\" id=\"wpcf7-f6-o1\" lang=\"tr-TR\" dir=\"ltr\" data-wpcf7-id=\"6\">\n<div class=\"screen-reader-response\"><p role=\"status\" aria-live=\"polite\" aria-atomic=\"true\"><\/p> <ul><\/ul><\/div>\n<form action=\"\/index.php?rest_route=%2Fwp%2Fv2%2Fpages%2F4929#wpcf7-f6-o1\" method=\"post\" class=\"wpcf7-form init\" aria-label=\"\u0130leti\u015fim Formu\" novalidate=\"novalidate\" data-status=\"init\">\n<div style=\"display: none;\">\n<input type=\"hidden\" name=\"_wpcf7\" value=\"6\" \/>\n<input type=\"hidden\" name=\"_wpcf7_version\" value=\"6.0.6\" \/>\n<input type=\"hidden\" name=\"_wpcf7_locale\" value=\"tr_TR\" \/>\n<input type=\"hidden\" name=\"_wpcf7_unit_tag\" value=\"wpcf7-f6-o1\" \/>\n<input type=\"hidden\" name=\"_wpcf7_container_post\" value=\"0\" \/>\n<input type=\"hidden\" name=\"_wpcf7_posted_data_hash\" value=\"\" \/>\n<input type=\"hidden\" name=\"_wpcf7_recaptcha_response\" value=\"\" \/>\n<\/div>\n<p><label> Name-Nachname<br \/>\n<span class=\"wpcf7-form-control-wrap\" data-name=\"your-name\"><input size=\"40\" maxlength=\"400\" class=\"wpcf7-form-control wpcf7-text wpcf7-validates-as-required\" autocomplete=\"name\" aria-required=\"true\" aria-invalid=\"false\" value=\"\" type=\"text\" name=\"your-name\" \/><\/span> <\/label>\n<\/p>\n<p><label> E-Mail<br \/>\n<span class=\"wpcf7-form-control-wrap\" data-name=\"your-email\"><input size=\"40\" maxlength=\"400\" class=\"wpcf7-form-control wpcf7-email wpcf7-validates-as-required wpcf7-text wpcf7-validates-as-email\" autocomplete=\"email\" aria-required=\"true\" aria-invalid=\"false\" value=\"\" type=\"email\" name=\"your-email\" \/><\/span> <\/label>\n<\/p>\n<p><label> Betreff<br \/>\n<span class=\"wpcf7-form-control-wrap\" data-name=\"your-subject\"><input size=\"40\" maxlength=\"400\" class=\"wpcf7-form-control wpcf7-text wpcf7-validates-as-required\" aria-required=\"true\" aria-invalid=\"false\" value=\"\" type=\"text\" name=\"your-subject\" \/><\/span> <\/label>\n<\/p>\n<p><label> Ihr Nachricht<br \/>\n<span class=\"wpcf7-form-control-wrap\" data-name=\"your-message\"><textarea cols=\"40\" rows=\"10\" maxlength=\"2000\" class=\"wpcf7-form-control wpcf7-textarea\" aria-invalid=\"false\" name=\"your-message\"><\/textarea><\/span> <\/label>\n<\/p>\n<p><input class=\"wpcf7-form-control wpcf7-submit has-spinner\" type=\"submit\" value=\"Senden\" \/>\n<\/p><div class=\"wpcf7-response-output\" aria-hidden=\"true\"><\/div>\n<\/form>\n<\/div>\n                <\/div>\r\n                \t\t\t\t<\/div>\n\t\t\t\t<\/div>\n\t\t\t\t\t<\/div>\n\t\t\t\t<\/div>\n\t\t<div class=\"elementor-element elementor-element-6a5cb87 e-flex e-con-boxed e-con e-parent\" data-id=\"6a5cb87\" data-element_type=\"container\">\n\t\t\t\t\t<div class=\"e-con-inner\">\n\t\t\t\t<div class=\"elementor-element elementor-element-3e3d58f elementor-headline--style-highlight elementor-widget elementor-widget-animated-headline\" data-id=\"3e3d58f\" data-element_type=\"widget\" data-settings=\"{&quot;highlighted_text&quot;:&quot;Anfahrt&quot;,&quot;headline_style&quot;:&quot;highlight&quot;,&quot;marker&quot;:&quot;circle&quot;,&quot;loop&quot;:&quot;yes&quot;,&quot;highlight_animation_duration&quot;:1200,&quot;highlight_iteration_delay&quot;:8000}\" data-widget_type=\"animated-headline.default\">\n\t\t\t\t<div class=\"elementor-widget-container\">\n\t\t\t\t\t\t\t<h4 class=\"elementor-headline\">\n\t\t\t\t<span class=\"elementor-headline-dynamic-wrapper elementor-headline-text-wrapper\">\n\t\t\t\t\t<span class=\"elementor-headline-dynamic-text elementor-headline-text-active\">Anfahrt<\/span>\n\t\t\t\t<\/span>\n\t\t\t\t<\/h4>\n\t\t\t\t\t\t<\/div>\n\t\t\t\t<\/div>\n\t\t\t\t<div class=\"elementor-element elementor-element-0168233 elementor-align-left elementor-widget elementor-widget-etheme_advanced_headline\" data-id=\"0168233\" data-element_type=\"widget\" data-widget_type=\"etheme_advanced_headline.default\">\n\t\t\t\t<div class=\"elementor-widget-container\">\n\t\t\t\t\t        \r\n        <div class=\"etheme-a-h-wrapper\">\r\n        \r\n                            <span class=\"etheme-a-h-text-before\">\r\n                    Besuchen Sie uns in Mannheim                 <\/span>\r\n            \r\n        <h2 class=\"etheme-advanced-headline etheme-advanced-headline-mask\">\r\n\r\n            \r\n        <\/h2>\r\n\t\t\r\n                                    <div class=\"etheme-a-h-icon-wrapper\">\r\n\t\t\t                                        <\/div>\r\n\t                                <p class=\"etheme-a-h-text-after\">\r\n                    \u2013 wir freuen uns auf Ihren Besuch!\nUnser Musikgesch\u00e4ft mit integrierter Musikschule und Eventservice befindet sich zentral in der Mannheimer Innenstadt, nur wenige Minuten vom Neckar entfernt.\n\n\n<br><br>Parkm\u00f6glichkeiten: <br>\nIn der Umgebung stehen Ihnen \u00f6ffentliche Parkpl\u00e4tze sowie Parkh\u00e4user zur Verf\u00fcgung. <br>Auch in der Hafenstra\u00dfe selbst finden Sie mit etwas Gl\u00fcck freie Stellpl\u00e4tze.\n\n<br><br>\u00d6ffentliche Verkehrsmittel:\nSie erreichen uns bequem mit den Stra\u00dfenbahnlinien 1 und 3 (Haltestelle \u201eHandelshafen\u201c) oder per Bus \u00fcber die Linien 60 und 65 (Haltestelle \u201eHafenstra\u00dfe\u201c). Von dort sind es nur wenige Gehminuten bis zu unserem Gesch\u00e4ft.                <\/p>\r\n                    \r\n        <\/div>\r\n        \r\n\t\t\t\t\t\t<\/div>\n\t\t\t\t<\/div>\n\t\t\t\t\t<\/div>\n\t\t\t\t<\/div>\n\t\t<div class=\"elementor-element elementor-element-e72bbc0 e-flex e-con-boxed e-con e-parent\" data-id=\"e72bbc0\" data-element_type=\"container\">\n\t\t\t\t\t<div class=\"e-con-inner\">\n\t\t\t\t<div class=\"elementor-element elementor-element-568fa6c elementor-widget elementor-widget-google_maps\" data-id=\"568fa6c\" data-element_type=\"widget\" data-widget_type=\"google_maps.default\">\n\t\t\t\t<div class=\"elementor-widget-container\">\n\t\t\t\t\t\t\t<div class=\"elementor-custom-embed\">\n\t\t\t<iframe loading=\"lazy\"\n\t\t\t\t\tsrc=\"https:\/\/maps.google.com\/maps?q=Hafenstra%C3%9Fe%2049%2C%2068159%20Mannheim&#038;t=m&#038;z=14&#038;output=embed&#038;iwloc=near\"\n\t\t\t\t\ttitle=\"Hafenstra\u00dfe 49, 68159 Mannheim\"\n\t\t\t\t\taria-label=\"Hafenstra\u00dfe 49, 68159 Mannheim\"\n\t\t\t><\/iframe>\n\t\t<\/div>\n\t\t\t\t\t\t<\/div>\n\t\t\t\t<\/div>\n\t\t\t\t\t<\/div>\n\t\t\t\t<\/div>\n\t\t\t\t<\/div>\n\t\t","protected":false},"excerpt":{"rendered":"<p>Nehmen Sie Kontakt mit uns auf Harmonie Musik Sie interessieren sich f\u00fcr ein Musikinstrument, m\u00f6chten Musikunterricht buchen oder planen ein musikalisches Event? Dann sind Sie bei uns genau richtig. Schreiben Sie uns \u00fcber das Kontaktformular oder rufen Sie uns an \u2013 unser Team ber\u00e4t Sie&#8230;<\/p>\n","protected":false},"author":2,"featured_media":0,"parent":0,"menu_order":0,"comment_status":"closed","ping_status":"closed","template":"","meta":{"footnotes":""},"class_list":["post-4929","page","type-page","status-publish","hentry"],"yoast_head":"<!-- This site is optimized with the Yoast SEO plugin v25.1 - https:\/\/yoast.com\/wordpress\/plugins\/seo\/ -->\n<title>Kontakt - HARMONIE EVENT<\/title>\n<meta name=\"robots\" content=\"index, follow, max-snippet:-1, max-image-preview:large, max-video-preview:-1\" \/>\n<link rel=\"canonical\" href=\"https:\/\/harmonie-event.de\/?page_id=4929\" \/>\n<meta property=\"og:locale\" content=\"de_DE\" \/>\n<meta property=\"og:type\" content=\"article\" \/>\n<meta property=\"og:title\" content=\"Kontakt - HARMONIE EVENT\" \/>\n<meta property=\"og:description\" content=\"Nehmen Sie Kontakt mit uns auf Harmonie Musik Sie interessieren sich f\u00fcr ein Musikinstrument, m\u00f6chten Musikunterricht buchen oder planen ein musikalisches Event? Dann sind Sie bei uns genau richtig. Schreiben Sie uns \u00fcber das Kontaktformular oder rufen Sie uns an \u2013 unser Team ber\u00e4t Sie...\" \/>\n<meta property=\"og:url\" content=\"https:\/\/harmonie-event.de\/?page_id=4929\" \/>\n<meta property=\"og:site_name\" content=\"HARMONIE EVENT\" \/>\n<meta property=\"article:modified_time\" content=\"2025-05-01T21:02:05+00:00\" \/>\n<meta name=\"twitter:card\" content=\"summary_large_image\" \/>\n<meta name=\"twitter:label1\" content=\"Gesch\u00e4tzte Lesezeit\" \/>\n\t<meta name=\"twitter:data1\" content=\"1\u00a0Minute\" \/>\n<script type=\"application\/ld+json\" class=\"yoast-schema-graph\">{\"@context\":\"https:\/\/schema.org\",\"@graph\":[{\"@type\":\"WebPage\",\"@id\":\"https:\/\/harmonie-event.de\/?page_id=4929\",\"url\":\"https:\/\/harmonie-event.de\/?page_id=4929\",\"name\":\"Kontakt - HARMONIE EVENT\",\"isPartOf\":{\"@id\":\"https:\/\/harmonie-event.de\/#website\"},\"datePublished\":\"2018-10-01T09:41:29+00:00\",\"dateModified\":\"2025-05-01T21:02:05+00:00\",\"breadcrumb\":{\"@id\":\"https:\/\/harmonie-event.de\/?page_id=4929#breadcrumb\"},\"inLanguage\":\"de\",\"potentialAction\":[{\"@type\":\"ReadAction\",\"target\":[\"https:\/\/harmonie-event.de\/?page_id=4929\"]}]},{\"@type\":\"BreadcrumbList\",\"@id\":\"https:\/\/harmonie-event.de\/?page_id=4929#breadcrumb\",\"itemListElement\":[{\"@type\":\"ListItem\",\"position\":1,\"name\":\"Startseite\",\"item\":\"https:\/\/harmonie-event.de\/\"},{\"@type\":\"ListItem\",\"position\":2,\"name\":\"Kontakt\"}]},{\"@type\":\"WebSite\",\"@id\":\"https:\/\/harmonie-event.de\/#website\",\"url\":\"https:\/\/harmonie-event.de\/\",\"name\":\"HARMONIE EVENT\",\"description\":\"Endecke den Rhythmus des Lebens.\",\"potentialAction\":[{\"@type\":\"SearchAction\",\"target\":{\"@type\":\"EntryPoint\",\"urlTemplate\":\"https:\/\/harmonie-event.de\/?s={search_term_string}\"},\"query-input\":{\"@type\":\"PropertyValueSpecification\",\"valueRequired\":true,\"valueName\":\"search_term_string\"}}],\"inLanguage\":\"de\"}]}<\/script>\n<!-- \/ Yoast SEO plugin. -->","yoast_head_json":{"title":"Kontakt - HARMONIE EVENT","robots":{"index":"index","follow":"follow","max-snippet":"max-snippet:-1","max-image-preview":"max-image-preview:large","max-video-preview":"max-video-preview:-1"},"canonical":"https:\/\/harmonie-event.de\/?page_id=4929","og_locale":"de_DE","og_type":"article","og_title":"Kontakt - HARMONIE EVENT","og_description":"Nehmen Sie Kontakt mit uns auf Harmonie Musik Sie interessieren sich f\u00fcr ein Musikinstrument, m\u00f6chten Musikunterricht buchen oder planen ein musikalisches Event? Dann sind Sie bei uns genau richtig. Schreiben Sie uns \u00fcber das Kontaktformular oder rufen Sie uns an \u2013 unser Team ber\u00e4t Sie...","og_url":"https:\/\/harmonie-event.de\/?page_id=4929","og_site_name":"HARMONIE EVENT","article_modified_time":"2025-05-01T21:02:05+00:00","twitter_card":"summary_large_image","twitter_misc":{"Gesch\u00e4tzte Lesezeit":"1\u00a0Minute"},"schema":{"@context":"https:\/\/schema.org","@graph":[{"@type":"WebPage","@id":"https:\/\/harmonie-event.de\/?page_id=4929","url":"https:\/\/harmonie-event.de\/?page_id=4929","name":"Kontakt - HARMONIE EVENT","isPartOf":{"@id":"https:\/\/harmonie-event.de\/#website"},"datePublished":"2018-10-01T09:41:29+00:00","dateModified":"2025-05-01T21:02:05+00:00","breadcrumb":{"@id":"https:\/\/harmonie-event.de\/?page_id=4929#breadcrumb"},"inLanguage":"de","potentialAction":[{"@type":"ReadAction","target":["https:\/\/harmonie-event.de\/?page_id=4929"]}]},{"@type":"BreadcrumbList","@id":"https:\/\/harmonie-event.de\/?page_id=4929#breadcrumb","itemListElement":[{"@type":"ListItem","position":1,"name":"Startseite","item":"https:\/\/harmonie-event.de\/"},{"@type":"ListItem","position":2,"name":"Kontakt"}]},{"@type":"WebSite","@id":"https:\/\/harmonie-event.de\/#website","url":"https:\/\/harmonie-event.de\/","name":"HARMONIE EVENT","description":"Endecke den Rhythmus des Lebens.","potentialAction":[{"@type":"SearchAction","target":{"@type":"EntryPoint","urlTemplate":"https:\/\/harmonie-event.de\/?s={search_term_string}"},"query-input":{"@type":"PropertyValueSpecification","valueRequired":true,"valueName":"search_term_string"}}],"inLanguage":"de"}]}},"_links":{"self":[{"href":"https:\/\/harmonie-event.de\/index.php?rest_route=\/wp\/v2\/pages\/4929","targetHints":{"allow":["GET"]}}],"collection":[{"href":"https:\/\/harmonie-event.de\/index.php?rest_route=\/wp\/v2\/pages"}],"about":[{"href":"https:\/\/harmonie-event.de\/index.php?rest_route=\/wp\/v2\/types\/page"}],"author":[{"embeddable":true,"href":"https:\/\/harmonie-event.de\/index.php?rest_route=\/wp\/v2\/users\/2"}],"replies":[{"embeddable":true,"href":"https:\/\/harmonie-event.de\/index.php?rest_route=%2Fwp%2Fv2%2Fcomments&post=4929"}],"version-history":[{"count":34,"href":"https:\/\/harmonie-event.de\/index.php?rest_route=\/wp\/v2\/pages\/4929\/revisions"}],"predecessor-version":[{"id":6616,"href":"https:\/\/harmonie-event.de\/index.php?rest_route=\/wp\/v2\/pages\/4929\/revisions\/6616"}],"wp:attachment":[{"href":"https:\/\/harmonie-event.de\/index.php?rest_route=%2Fwp%2Fv2%2Fmedia&parent=4929"}],"curies":[{"name":"wp","href":"https:\/\/api.w.org\/{rel}","templated":true}]}}